{"id":607,"date":"2024-12-23T11:42:17","date_gmt":"2024-12-23T11:42:17","guid":{"rendered":"https:\/\/urbanpatinetes.es\/producto\/scooter-electrico-ultra-rapido-urbano\/"},"modified":"2025-10-22T00:08:34","modified_gmt":"2025-10-22T00:08:34","slug":"scooter-electrico-ultra-rapido-urbano","status":"publish","type":"product","link":"https:\/\/urbanpatinetes.es\/en\/producto\/scooter-electrico-ultra-rapido-urbano\/","title":{"rendered":"Scooter El\u00e9ctrico Ultra R\u00e1pido Urbano"},"content":{"rendered":"","protected":false},"excerpt":{"rendered":"<p>Scooter veloz, ideal para la ciudad. Con asesor\u00eda y reparaci\u00f3n.<\/p>\n","protected":false},"featured_media":396,"comment_status":"open","ping_status":"closed","template":"","meta":{"_acf_changed":false,"iawp_total_views":0},"marca":[54,58],"product_brand":[],"product_cat":[123],"product_tag":[137,125,149],"class_list":{"0":"post-607","1":"product","2":"type-product","3":"status-publish","4":"has-post-thumbnail","6":"marca-ecoglide","7":"marca-urban-turbo","8":"product_cat-scooters-en","9":"product_tag-electrico-en","10":"product_tag-movilidad-en","11":"product_tag-rapidez-en","13":"first","14":"instock","15":"sale","16":"shipping-taxable","17":"purchasable","18":"product-type-simple"},"acf":[],"yoast_head":"<!-- This site is optimized with the Yoast SEO plugin v27.3 - https:\/\/yoast.com\/product\/yoast-seo-wordpress\/ -->\n<title>Scooter El\u00e9ctrico Ultra R\u00e1pido - Urbanweb<\/title>\n<meta name=\"description\" content=\"Descubre el Scooter El\u00e9ctrico Ultra R\u00e1pido en oferta. Ideal para la ciudad, asistencia, reparaci\u00f3n y env\u00edo gratis. \u00a1Compra ahora en Urbanweb!\" \/>\n<meta name=\"robots\" content=\"index, follow, max-snippet:-1, max-image-preview:large, max-video-preview:-1\" \/>\n<link rel=\"canonical\" href=\"https:\/\/urbanpatinetes.es\/en\/producto\/scooter-electrico-ultra-rapido-urbano\/\" \/>\n<meta property=\"og:locale\" content=\"en_US\" \/>\n<meta property=\"og:type\" content=\"article\" \/>\n<meta property=\"og:title\" content=\"Scooter El\u00e9ctrico Ultra R\u00e1pido - Urbanweb\" \/>\n<meta property=\"og:description\" content=\"Descubre el Scooter El\u00e9ctrico Ultra R\u00e1pido en oferta. Ideal para la ciudad, asistencia, reparaci\u00f3n y env\u00edo gratis. \u00a1Compra ahora en Urbanweb!\" \/>\n<meta property=\"og:url\" content=\"https:\/\/urbanpatinetes.es\/en\/producto\/scooter-electrico-ultra-rapido-urbano\/\" \/>\n<meta property=\"og:site_name\" content=\"Urbanweb\" \/>\n<meta property=\"article:modified_time\" content=\"2025-10-22T00:08:34+00:00\" \/>\n<meta property=\"og:image\" content=\"https:\/\/urbanpatinetes.es\/wp-content\/uploads\/2024\/12\/Leonardo_Vision_XL_Disear_una_imagen_divertida_y_colorida_que_0.jpg\" \/>\n\t<meta property=\"og:image:width\" content=\"1792\" \/>\n\t<meta property=\"og:image:height\" content=\"1456\" \/>\n\t<meta property=\"og:image:type\" content=\"image\/jpeg\" \/>\n<meta name=\"twitter:card\" content=\"summary_large_image\" \/>\n<!-- \/ Yoast SEO plugin. -->","yoast_head_json":{"title":"Scooter El\u00e9ctrico Ultra R\u00e1pido - Urbanweb","description":"Descubre el Scooter El\u00e9ctrico Ultra R\u00e1pido en oferta. Ideal para la ciudad, asistencia, reparaci\u00f3n y env\u00edo gratis. \u00a1Compra ahora en Urbanweb!","robots":{"index":"index","follow":"follow","max-snippet":"max-snippet:-1","max-image-preview":"max-image-preview:large","max-video-preview":"max-video-preview:-1"},"canonical":"https:\/\/urbanpatinetes.es\/en\/producto\/scooter-electrico-ultra-rapido-urbano\/","og_locale":"en_US","og_type":"article","og_title":"Scooter El\u00e9ctrico Ultra R\u00e1pido - Urbanweb","og_description":"Descubre el Scooter El\u00e9ctrico Ultra R\u00e1pido en oferta. Ideal para la ciudad, asistencia, reparaci\u00f3n y env\u00edo gratis. \u00a1Compra ahora en Urbanweb!","og_url":"https:\/\/urbanpatinetes.es\/en\/producto\/scooter-electrico-ultra-rapido-urbano\/","og_site_name":"Urbanweb","article_modified_time":"2025-10-22T00:08:34+00:00","og_image":[{"width":1792,"height":1456,"url":"https:\/\/urbanpatinetes.es\/wp-content\/uploads\/2024\/12\/Leonardo_Vision_XL_Disear_una_imagen_divertida_y_colorida_que_0.jpg","type":"image\/jpeg"}],"twitter_card":"summary_large_image","schema":{"@context":"https:\/\/schema.org","@graph":[{"@type":"WebPage","@id":"https:\/\/urbanpatinetes.es\/en\/producto\/scooter-electrico-ultra-rapido-urbano\/","url":"https:\/\/urbanpatinetes.es\/en\/producto\/scooter-electrico-ultra-rapido-urbano\/","name":"Scooter El\u00e9ctrico Ultra R\u00e1pido - Urbanweb","isPartOf":{"@id":"https:\/\/urbanpatinetes.es\/en\/#website"},"primaryImageOfPage":{"@id":"https:\/\/urbanpatinetes.es\/en\/producto\/scooter-electrico-ultra-rapido-urbano\/#primaryimage"},"image":{"@id":"https:\/\/urbanpatinetes.es\/en\/producto\/scooter-electrico-ultra-rapido-urbano\/#primaryimage"},"thumbnailUrl":"https:\/\/urbanpatinetes.es\/wp-content\/uploads\/2024\/12\/Leonardo_Vision_XL_Disear_una_imagen_divertida_y_colorida_que_0.jpg","datePublished":"2024-12-23T11:42:17+00:00","dateModified":"2025-10-22T00:08:34+00:00","description":"Descubre el Scooter El\u00e9ctrico Ultra R\u00e1pido en oferta. Ideal para la ciudad, asistencia, reparaci\u00f3n y env\u00edo gratis. \u00a1Compra ahora en Urbanweb!","breadcrumb":{"@id":"https:\/\/urbanpatinetes.es\/en\/producto\/scooter-electrico-ultra-rapido-urbano\/#breadcrumb"},"inLanguage":"en-US","potentialAction":[{"@type":"ReadAction","target":["https:\/\/urbanpatinetes.es\/en\/producto\/scooter-electrico-ultra-rapido-urbano\/"]}]},{"@type":"ImageObject","inLanguage":"en-US","@id":"https:\/\/urbanpatinetes.es\/en\/producto\/scooter-electrico-ultra-rapido-urbano\/#primaryimage","url":"https:\/\/urbanpatinetes.es\/wp-content\/uploads\/2024\/12\/Leonardo_Vision_XL_Disear_una_imagen_divertida_y_colorida_que_0.jpg","contentUrl":"https:\/\/urbanpatinetes.es\/wp-content\/uploads\/2024\/12\/Leonardo_Vision_XL_Disear_una_imagen_divertida_y_colorida_que_0.jpg","width":1792,"height":1456},{"@type":"BreadcrumbList","@id":"https:\/\/urbanpatinetes.es\/en\/producto\/scooter-electrico-ultra-rapido-urbano\/#breadcrumb","itemListElement":[{"@type":"ListItem","position":1,"name":"Portada","item":"https:\/\/urbanpatinetes.es\/en\/"},{"@type":"ListItem","position":2,"name":"Tienda","item":"https:\/\/urbanpatinetes.es\/en\/tienda\/"},{"@type":"ListItem","position":3,"name":"Scooter El\u00e9ctrico Ultra R\u00e1pido Urbano"}]},{"@type":"WebSite","@id":"https:\/\/urbanpatinetes.es\/en\/#website","url":"https:\/\/urbanpatinetes.es\/en\/","name":"Urbanweb","description":"","publisher":{"@id":"https:\/\/urbanpatinetes.es\/en\/#organization"},"potentialAction":[{"@type":"SearchAction","target":{"@type":"EntryPoint","urlTemplate":"https:\/\/urbanpatinetes.es\/en\/?s={search_term_string}"},"query-input":{"@type":"PropertyValueSpecification","valueRequired":true,"valueName":"search_term_string"}}],"inLanguage":"en-US"},{"@type":"Organization","@id":"https:\/\/urbanpatinetes.es\/en\/#organization","name":"Urbanweb","url":"https:\/\/urbanpatinetes.es\/en\/","logo":{"@type":"ImageObject","inLanguage":"en-US","@id":"https:\/\/urbanpatinetes.es\/en\/#\/schema\/logo\/image\/","url":"https:\/\/urbanpatinetes.es\/wp-content\/uploads\/2024\/12\/676941a004c8b_66eaf9bde197c_creative-cloud-express.png","contentUrl":"https:\/\/urbanpatinetes.es\/wp-content\/uploads\/2024\/12\/676941a004c8b_66eaf9bde197c_creative-cloud-express.png","width":2185,"height":1731,"caption":"Urbanweb"},"image":{"@id":"https:\/\/urbanpatinetes.es\/en\/#\/schema\/logo\/image\/"}}]}},"_links":{"self":[{"href":"https:\/\/urbanpatinetes.es\/en\/wp-json\/wp\/v2\/product\/607","targetHints":{"allow":["GET"]}}],"collection":[{"href":"https:\/\/urbanpatinetes.es\/en\/wp-json\/wp\/v2\/product"}],"about":[{"href":"https:\/\/urbanpatinetes.es\/en\/wp-json\/wp\/v2\/types\/product"}],"replies":[{"embeddable":true,"href":"https:\/\/urbanpatinetes.es\/en\/wp-json\/wp\/v2\/comments?post=607"}],"wp:featuredmedia":[{"embeddable":true,"href":"https:\/\/urbanpatinetes.es\/en\/wp-json\/wp\/v2\/media\/396"}],"wp:attachment":[{"href":"https:\/\/urbanpatinetes.es\/en\/wp-json\/wp\/v2\/media?parent=607"}],"wp:term":[{"taxonomy":"marca","embeddable":true,"href":"https:\/\/urbanpatinetes.es\/en\/wp-json\/wp\/v2\/marca?post=607"},{"taxonomy":"product_brand","embeddable":true,"href":"https:\/\/urbanpatinetes.es\/en\/wp-json\/wp\/v2\/product_brand?post=607"},{"taxonomy":"product_cat","embeddable":true,"href":"https:\/\/urbanpatinetes.es\/en\/wp-json\/wp\/v2\/product_cat?post=607"},{"taxonomy":"product_tag","embeddable":true,"href":"https:\/\/urbanpatinetes.es\/en\/wp-json\/wp\/v2\/product_tag?post=607"}],"curies":[{"name":"wp","href":"https:\/\/api.w.org\/{rel}","templated":true}]}}