{"id":601,"date":"2024-12-23T11:47:25","date_gmt":"2024-12-23T11:47:25","guid":{"rendered":"https:\/\/urbanpatinetes.es\/producto\/producto-8\/"},"modified":"2025-10-22T00:07:45","modified_gmt":"2025-10-22T00:07:45","slug":"producto-8","status":"publish","type":"product","link":"https:\/\/urbanpatinetes.es\/en\/producto\/producto-8\/","title":{"rendered":"Producto 8"},"content":{"rendered":"","protected":false},"excerpt":{"rendered":"<p>Lorem ipsum dolor sit amet, consectetur adipiscing elit. Sed do eiusmod tempor incididunt ut labore et dolore magna aliqua.<\/p>\n","protected":false},"featured_media":450,"comment_status":"open","ping_status":"closed","template":"","meta":{"_acf_changed":false,"iawp_total_views":0},"marca":[80,81],"product_brand":[],"product_cat":[123],"product_tag":[143,144,145],"class_list":{"0":"post-601","1":"product","2":"type-product","3":"status-publish","4":"has-post-thumbnail","6":"marca-marca1","7":"marca-marca2","8":"product_cat-scooters-en","9":"product_tag-tag1-en","10":"product_tag-tag2-en","11":"product_tag-tag3-en","13":"first","14":"instock","15":"sale","16":"shipping-taxable","17":"purchasable","18":"product-type-simple"},"acf":[],"yoast_head":"<!-- This site is optimized with the Yoast SEO plugin v27.3 - https:\/\/yoast.com\/product\/yoast-seo-wordpress\/ -->\n<title>Producto 8 - Patinete SMARTGYRO en Oferta<\/title>\n<meta name=\"description\" content=\"Compra el &quot;Producto 8&quot; de SMARTGYRO en Urbanweb al mejor precio: 173,75 \u20ac. Env\u00edo gratis, 100 d\u00edas de devoluci\u00f3n y pago contra entrega. \u00a1Aprovecha ahora!\" \/>\n<meta name=\"robots\" content=\"index, follow, max-snippet:-1, max-image-preview:large, max-video-preview:-1\" \/>\n<link rel=\"canonical\" href=\"https:\/\/urbanpatinetes.es\/en\/producto\/producto-8\/\" \/>\n<meta property=\"og:locale\" content=\"en_US\" \/>\n<meta property=\"og:type\" content=\"article\" \/>\n<meta property=\"og:title\" content=\"Producto 8 - Patinete SMARTGYRO en Oferta\" \/>\n<meta property=\"og:description\" content=\"Compra el &quot;Producto 8&quot; de SMARTGYRO en Urbanweb al mejor precio: 173,75 \u20ac. Env\u00edo gratis, 100 d\u00edas de devoluci\u00f3n y pago contra entrega. \u00a1Aprovecha ahora!\" \/>\n<meta property=\"og:url\" content=\"https:\/\/urbanpatinetes.es\/en\/producto\/producto-8\/\" \/>\n<meta property=\"og:site_name\" content=\"Urbanweb\" \/>\n<meta property=\"article:modified_time\" content=\"2025-10-22T00:07:45+00:00\" \/>\n<meta property=\"og:image\" content=\"https:\/\/urbanpatinetes.es\/wp-content\/uploads\/2024\/12\/portfoliochil-27.jpg\" \/>\n\t<meta property=\"og:image:width\" content=\"1512\" \/>\n\t<meta property=\"og:image:height\" content=\"851\" \/>\n\t<meta property=\"og:image:type\" content=\"image\/jpeg\" \/>\n<meta name=\"twitter:card\" content=\"summary_large_image\" \/>\n<!-- \/ Yoast SEO plugin. -->","yoast_head_json":{"title":"Producto 8 - Patinete SMARTGYRO en Oferta","description":"Compra el \"Producto 8\" de SMARTGYRO en Urbanweb al mejor precio: 173,75 \u20ac. Env\u00edo gratis, 100 d\u00edas de devoluci\u00f3n y pago contra entrega. \u00a1Aprovecha ahora!","robots":{"index":"index","follow":"follow","max-snippet":"max-snippet:-1","max-image-preview":"max-image-preview:large","max-video-preview":"max-video-preview:-1"},"canonical":"https:\/\/urbanpatinetes.es\/en\/producto\/producto-8\/","og_locale":"en_US","og_type":"article","og_title":"Producto 8 - Patinete SMARTGYRO en Oferta","og_description":"Compra el \"Producto 8\" de SMARTGYRO en Urbanweb al mejor precio: 173,75 \u20ac. Env\u00edo gratis, 100 d\u00edas de devoluci\u00f3n y pago contra entrega. \u00a1Aprovecha ahora!","og_url":"https:\/\/urbanpatinetes.es\/en\/producto\/producto-8\/","og_site_name":"Urbanweb","article_modified_time":"2025-10-22T00:07:45+00:00","og_image":[{"width":1512,"height":851,"url":"https:\/\/urbanpatinetes.es\/wp-content\/uploads\/2024\/12\/portfoliochil-27.jpg","type":"image\/jpeg"}],"twitter_card":"summary_large_image","schema":{"@context":"https:\/\/schema.org","@graph":[{"@type":"WebPage","@id":"https:\/\/urbanpatinetes.es\/en\/producto\/producto-8\/","url":"https:\/\/urbanpatinetes.es\/en\/producto\/producto-8\/","name":"Producto 8 - Patinete SMARTGYRO en Oferta","isPartOf":{"@id":"https:\/\/urbanpatinetes.es\/en\/#website"},"primaryImageOfPage":{"@id":"https:\/\/urbanpatinetes.es\/en\/producto\/producto-8\/#primaryimage"},"image":{"@id":"https:\/\/urbanpatinetes.es\/en\/producto\/producto-8\/#primaryimage"},"thumbnailUrl":"https:\/\/urbanpatinetes.es\/wp-content\/uploads\/2024\/12\/portfoliochil-27.jpg","datePublished":"2024-12-23T11:47:25+00:00","dateModified":"2025-10-22T00:07:45+00:00","description":"Compra el \"Producto 8\" de SMARTGYRO en Urbanweb al mejor precio: 173,75 \u20ac. Env\u00edo gratis, 100 d\u00edas de devoluci\u00f3n y pago contra entrega. \u00a1Aprovecha ahora!","breadcrumb":{"@id":"https:\/\/urbanpatinetes.es\/en\/producto\/producto-8\/#breadcrumb"},"inLanguage":"en-US","potentialAction":[{"@type":"ReadAction","target":["https:\/\/urbanpatinetes.es\/en\/producto\/producto-8\/"]}]},{"@type":"ImageObject","inLanguage":"en-US","@id":"https:\/\/urbanpatinetes.es\/en\/producto\/producto-8\/#primaryimage","url":"https:\/\/urbanpatinetes.es\/wp-content\/uploads\/2024\/12\/portfoliochil-27.jpg","contentUrl":"https:\/\/urbanpatinetes.es\/wp-content\/uploads\/2024\/12\/portfoliochil-27.jpg","width":1512,"height":851},{"@type":"BreadcrumbList","@id":"https:\/\/urbanpatinetes.es\/en\/producto\/producto-8\/#breadcrumb","itemListElement":[{"@type":"ListItem","position":1,"name":"Portada","item":"https:\/\/urbanpatinetes.es\/en\/"},{"@type":"ListItem","position":2,"name":"Tienda","item":"https:\/\/urbanpatinetes.es\/en\/tienda\/"},{"@type":"ListItem","position":3,"name":"Producto 8"}]},{"@type":"WebSite","@id":"https:\/\/urbanpatinetes.es\/en\/#website","url":"https:\/\/urbanpatinetes.es\/en\/","name":"Urbanweb","description":"","publisher":{"@id":"https:\/\/urbanpatinetes.es\/en\/#organization"},"potentialAction":[{"@type":"SearchAction","target":{"@type":"EntryPoint","urlTemplate":"https:\/\/urbanpatinetes.es\/en\/?s={search_term_string}"},"query-input":{"@type":"PropertyValueSpecification","valueRequired":true,"valueName":"search_term_string"}}],"inLanguage":"en-US"},{"@type":"Organization","@id":"https:\/\/urbanpatinetes.es\/en\/#organization","name":"Urbanweb","url":"https:\/\/urbanpatinetes.es\/en\/","logo":{"@type":"ImageObject","inLanguage":"en-US","@id":"https:\/\/urbanpatinetes.es\/en\/#\/schema\/logo\/image\/","url":"https:\/\/urbanpatinetes.es\/wp-content\/uploads\/2024\/12\/676941a004c8b_66eaf9bde197c_creative-cloud-express.png","contentUrl":"https:\/\/urbanpatinetes.es\/wp-content\/uploads\/2024\/12\/676941a004c8b_66eaf9bde197c_creative-cloud-express.png","width":2185,"height":1731,"caption":"Urbanweb"},"image":{"@id":"https:\/\/urbanpatinetes.es\/en\/#\/schema\/logo\/image\/"}}]}},"_links":{"self":[{"href":"https:\/\/urbanpatinetes.es\/en\/wp-json\/wp\/v2\/product\/601","targetHints":{"allow":["GET"]}}],"collection":[{"href":"https:\/\/urbanpatinetes.es\/en\/wp-json\/wp\/v2\/product"}],"about":[{"href":"https:\/\/urbanpatinetes.es\/en\/wp-json\/wp\/v2\/types\/product"}],"replies":[{"embeddable":true,"href":"https:\/\/urbanpatinetes.es\/en\/wp-json\/wp\/v2\/comments?post=601"}],"wp:featuredmedia":[{"embeddable":true,"href":"https:\/\/urbanpatinetes.es\/en\/wp-json\/wp\/v2\/media\/450"}],"wp:attachment":[{"href":"https:\/\/urbanpatinetes.es\/en\/wp-json\/wp\/v2\/media?parent=601"}],"wp:term":[{"taxonomy":"marca","embeddable":true,"href":"https:\/\/urbanpatinetes.es\/en\/wp-json\/wp\/v2\/marca?post=601"},{"taxonomy":"product_brand","embeddable":true,"href":"https:\/\/urbanpatinetes.es\/en\/wp-json\/wp\/v2\/product_brand?post=601"},{"taxonomy":"product_cat","embeddable":true,"href":"https:\/\/urbanpatinetes.es\/en\/wp-json\/wp\/v2\/product_cat?post=601"},{"taxonomy":"product_tag","embeddable":true,"href":"https:\/\/urbanpatinetes.es\/en\/wp-json\/wp\/v2\/product_tag?post=601"}],"curies":[{"name":"wp","href":"https:\/\/api.w.org\/{rel}","templated":true}]}}