{"id":599,"date":"2024-12-23T11:49:28","date_gmt":"2024-12-23T11:49:28","guid":{"rendered":"https:\/\/urbanpatinetes.es\/producto\/patinete-electrico-turbo-swift-pro\/"},"modified":"2025-10-22T00:07:25","modified_gmt":"2025-10-22T00:07:25","slug":"patinete-electrico-turbo-swift-pro","status":"publish","type":"product","link":"https:\/\/urbanpatinetes.es\/en\/producto\/patinete-electrico-turbo-swift-pro\/","title":{"rendered":"Patinete El\u00e9ctrico Turbo Swift Pro"},"content":{"rendered":"","protected":false},"excerpt":{"rendered":"<p>Turbo Swift Pro: tu aliado urbano veloz y divertido.<\/p>\n","protected":false},"featured_media":468,"comment_status":"open","ping_status":"closed","template":"","meta":{"_acf_changed":false,"iawp_total_views":2},"marca":[87,86],"product_brand":[],"product_cat":[128,129],"product_tag":[142,134,121],"class_list":{"0":"post-599","1":"product","2":"type-product","3":"status-publish","4":"has-post-thumbnail","6":"marca-swift","7":"marca-turbo","8":"product_cat-hoverboard-en","9":"product_cat-patinetes-electricos-en","10":"product_tag-diversion-segura-en","11":"product_tag-movilidad-urbana-en","12":"product_tag-patinete-electrico-en","14":"first","15":"instock","16":"sale","17":"shipping-taxable","18":"purchasable","19":"product-type-simple"},"acf":[],"yoast_head":"<!-- This site is optimized with the Yoast SEO plugin v27.3 - https:\/\/yoast.com\/product\/yoast-seo-wordpress\/ -->\n<title>Patinete El\u00e9ctrico Turbo Swift Pro | Urbanweb<\/title>\n<meta name=\"description\" content=\"Descubre el Turbo Swift Pro: velocidad y diversi\u00f3n a solo 81,25 \u20ac. Env\u00edo gratis y 100 d\u00edas de devoluci\u00f3n. Aprovecha la oferta en Urbanweb, tu tienda de patinetes el\u00e9ctricos.\" \/>\n<meta name=\"robots\" content=\"index, follow, max-snippet:-1, max-image-preview:large, max-video-preview:-1\" \/>\n<link rel=\"canonical\" href=\"https:\/\/urbanpatinetes.es\/en\/producto\/patinete-electrico-turbo-swift-pro\/\" \/>\n<meta property=\"og:locale\" content=\"en_US\" \/>\n<meta property=\"og:type\" content=\"article\" \/>\n<meta property=\"og:title\" content=\"Patinete El\u00e9ctrico Turbo Swift Pro | Urbanweb\" \/>\n<meta property=\"og:description\" content=\"Descubre el Turbo Swift Pro: velocidad y diversi\u00f3n a solo 81,25 \u20ac. Env\u00edo gratis y 100 d\u00edas de devoluci\u00f3n. Aprovecha la oferta en Urbanweb, tu tienda de patinetes el\u00e9ctricos.\" \/>\n<meta property=\"og:url\" content=\"https:\/\/urbanpatinetes.es\/en\/producto\/patinete-electrico-turbo-swift-pro\/\" \/>\n<meta property=\"og:site_name\" content=\"Urbanweb\" \/>\n<meta property=\"article:modified_time\" content=\"2025-10-22T00:07:25+00:00\" \/>\n<meta property=\"og:image\" content=\"https:\/\/urbanpatinetes.es\/wp-content\/uploads\/2024\/12\/Leonardo_Vision_XL_Ilustracin_de_un_patinete_elctrico_Turbo_Sw_0.jpg\" \/>\n\t<meta property=\"og:image:width\" content=\"1792\" \/>\n\t<meta property=\"og:image:height\" content=\"1456\" \/>\n\t<meta property=\"og:image:type\" content=\"image\/jpeg\" \/>\n<meta name=\"twitter:card\" content=\"summary_large_image\" \/>\n<!-- \/ Yoast SEO plugin. -->","yoast_head_json":{"title":"Patinete El\u00e9ctrico Turbo Swift Pro | Urbanweb","description":"Descubre el Turbo Swift Pro: velocidad y diversi\u00f3n a solo 81,25 \u20ac. Env\u00edo gratis y 100 d\u00edas de devoluci\u00f3n. Aprovecha la oferta en Urbanweb, tu tienda de patinetes el\u00e9ctricos.","robots":{"index":"index","follow":"follow","max-snippet":"max-snippet:-1","max-image-preview":"max-image-preview:large","max-video-preview":"max-video-preview:-1"},"canonical":"https:\/\/urbanpatinetes.es\/en\/producto\/patinete-electrico-turbo-swift-pro\/","og_locale":"en_US","og_type":"article","og_title":"Patinete El\u00e9ctrico Turbo Swift Pro | Urbanweb","og_description":"Descubre el Turbo Swift Pro: velocidad y diversi\u00f3n a solo 81,25 \u20ac. Env\u00edo gratis y 100 d\u00edas de devoluci\u00f3n. Aprovecha la oferta en Urbanweb, tu tienda de patinetes el\u00e9ctricos.","og_url":"https:\/\/urbanpatinetes.es\/en\/producto\/patinete-electrico-turbo-swift-pro\/","og_site_name":"Urbanweb","article_modified_time":"2025-10-22T00:07:25+00:00","og_image":[{"width":1792,"height":1456,"url":"https:\/\/urbanpatinetes.es\/wp-content\/uploads\/2024\/12\/Leonardo_Vision_XL_Ilustracin_de_un_patinete_elctrico_Turbo_Sw_0.jpg","type":"image\/jpeg"}],"twitter_card":"summary_large_image","schema":{"@context":"https:\/\/schema.org","@graph":[{"@type":"WebPage","@id":"https:\/\/urbanpatinetes.es\/en\/producto\/patinete-electrico-turbo-swift-pro\/","url":"https:\/\/urbanpatinetes.es\/en\/producto\/patinete-electrico-turbo-swift-pro\/","name":"Patinete El\u00e9ctrico Turbo Swift Pro | Urbanweb","isPartOf":{"@id":"https:\/\/urbanpatinetes.es\/en\/#website"},"primaryImageOfPage":{"@id":"https:\/\/urbanpatinetes.es\/en\/producto\/patinete-electrico-turbo-swift-pro\/#primaryimage"},"image":{"@id":"https:\/\/urbanpatinetes.es\/en\/producto\/patinete-electrico-turbo-swift-pro\/#primaryimage"},"thumbnailUrl":"https:\/\/urbanpatinetes.es\/wp-content\/uploads\/2024\/12\/Leonardo_Vision_XL_Ilustracin_de_un_patinete_elctrico_Turbo_Sw_0.jpg","datePublished":"2024-12-23T11:49:28+00:00","dateModified":"2025-10-22T00:07:25+00:00","description":"Descubre el Turbo Swift Pro: velocidad y diversi\u00f3n a solo 81,25 \u20ac. Env\u00edo gratis y 100 d\u00edas de devoluci\u00f3n. Aprovecha la oferta en Urbanweb, tu tienda de patinetes el\u00e9ctricos.","breadcrumb":{"@id":"https:\/\/urbanpatinetes.es\/en\/producto\/patinete-electrico-turbo-swift-pro\/#breadcrumb"},"inLanguage":"en-US","potentialAction":[{"@type":"ReadAction","target":["https:\/\/urbanpatinetes.es\/en\/producto\/patinete-electrico-turbo-swift-pro\/"]}]},{"@type":"ImageObject","inLanguage":"en-US","@id":"https:\/\/urbanpatinetes.es\/en\/producto\/patinete-electrico-turbo-swift-pro\/#primaryimage","url":"https:\/\/urbanpatinetes.es\/wp-content\/uploads\/2024\/12\/Leonardo_Vision_XL_Ilustracin_de_un_patinete_elctrico_Turbo_Sw_0.jpg","contentUrl":"https:\/\/urbanpatinetes.es\/wp-content\/uploads\/2024\/12\/Leonardo_Vision_XL_Ilustracin_de_un_patinete_elctrico_Turbo_Sw_0.jpg","width":1792,"height":1456},{"@type":"BreadcrumbList","@id":"https:\/\/urbanpatinetes.es\/en\/producto\/patinete-electrico-turbo-swift-pro\/#breadcrumb","itemListElement":[{"@type":"ListItem","position":1,"name":"Portada","item":"https:\/\/urbanpatinetes.es\/en\/"},{"@type":"ListItem","position":2,"name":"Tienda","item":"https:\/\/urbanpatinetes.es\/en\/tienda\/"},{"@type":"ListItem","position":3,"name":"Patinete El\u00e9ctrico Turbo Swift Pro"}]},{"@type":"WebSite","@id":"https:\/\/urbanpatinetes.es\/en\/#website","url":"https:\/\/urbanpatinetes.es\/en\/","name":"Urbanweb","description":"","publisher":{"@id":"https:\/\/urbanpatinetes.es\/en\/#organization"},"potentialAction":[{"@type":"SearchAction","target":{"@type":"EntryPoint","urlTemplate":"https:\/\/urbanpatinetes.es\/en\/?s={search_term_string}"},"query-input":{"@type":"PropertyValueSpecification","valueRequired":true,"valueName":"search_term_string"}}],"inLanguage":"en-US"},{"@type":"Organization","@id":"https:\/\/urbanpatinetes.es\/en\/#organization","name":"Urbanweb","url":"https:\/\/urbanpatinetes.es\/en\/","logo":{"@type":"ImageObject","inLanguage":"en-US","@id":"https:\/\/urbanpatinetes.es\/en\/#\/schema\/logo\/image\/","url":"https:\/\/urbanpatinetes.es\/wp-content\/uploads\/2024\/12\/676941a004c8b_66eaf9bde197c_creative-cloud-express.png","contentUrl":"https:\/\/urbanpatinetes.es\/wp-content\/uploads\/2024\/12\/676941a004c8b_66eaf9bde197c_creative-cloud-express.png","width":2185,"height":1731,"caption":"Urbanweb"},"image":{"@id":"https:\/\/urbanpatinetes.es\/en\/#\/schema\/logo\/image\/"}}]}},"_links":{"self":[{"href":"https:\/\/urbanpatinetes.es\/en\/wp-json\/wp\/v2\/product\/599","targetHints":{"allow":["GET"]}}],"collection":[{"href":"https:\/\/urbanpatinetes.es\/en\/wp-json\/wp\/v2\/product"}],"about":[{"href":"https:\/\/urbanpatinetes.es\/en\/wp-json\/wp\/v2\/types\/product"}],"replies":[{"embeddable":true,"href":"https:\/\/urbanpatinetes.es\/en\/wp-json\/wp\/v2\/comments?post=599"}],"wp:featuredmedia":[{"embeddable":true,"href":"https:\/\/urbanpatinetes.es\/en\/wp-json\/wp\/v2\/media\/468"}],"wp:attachment":[{"href":"https:\/\/urbanpatinetes.es\/en\/wp-json\/wp\/v2\/media?parent=599"}],"wp:term":[{"taxonomy":"marca","embeddable":true,"href":"https:\/\/urbanpatinetes.es\/en\/wp-json\/wp\/v2\/marca?post=599"},{"taxonomy":"product_brand","embeddable":true,"href":"https:\/\/urbanpatinetes.es\/en\/wp-json\/wp\/v2\/product_brand?post=599"},{"taxonomy":"product_cat","embeddable":true,"href":"https:\/\/urbanpatinetes.es\/en\/wp-json\/wp\/v2\/product_cat?post=599"},{"taxonomy":"product_tag","embeddable":true,"href":"https:\/\/urbanpatinetes.es\/en\/wp-json\/wp\/v2\/product_tag?post=599"}],"curies":[{"name":"wp","href":"https:\/\/api.w.org\/{rel}","templated":true}]}}