{"id":598,"date":"2024-12-23T11:50:29","date_gmt":"2024-12-23T11:50:29","guid":{"rendered":"https:\/\/urbanpatinetes.es\/producto\/super-scooter-electrico-urban\/"},"modified":"2025-10-22T00:07:14","modified_gmt":"2025-10-22T00:07:14","slug":"super-scooter-electrico-urban","status":"publish","type":"product","link":"https:\/\/urbanpatinetes.es\/en\/producto\/super-scooter-electrico-urban\/","title":{"rendered":"Super Scooter El\u00e9ctrico Urban"},"content":{"rendered":"","protected":false},"excerpt":{"rendered":"<p>Scooter el\u00e9ctrico urbano: potente, \u00e1gil y moderno. \u00a1Vive la ciudad!<\/p>\n","protected":false},"featured_media":477,"comment_status":"open","ping_status":"closed","template":"","meta":{"_acf_changed":false,"iawp_total_views":1},"marca":[89,62],"product_brand":[],"product_cat":[123],"product_tag":[134,122,141],"class_list":{"0":"post-598","1":"product","2":"type-product","3":"status-publish","4":"has-post-thumbnail","6":"marca-electroglide","7":"marca-urbanride","8":"product_cat-scooters-en","9":"product_tag-movilidad-urbana-en","10":"product_tag-reparacion-vmp-en","11":"product_tag-scooter-electrico-en","13":"first","14":"instock","15":"sale","16":"shipping-taxable","17":"purchasable","18":"product-type-simple"},"acf":[],"yoast_head":"<!-- This site is optimized with the Yoast SEO plugin v27.3 - https:\/\/yoast.com\/product\/yoast-seo-wordpress\/ -->\n<title>Super Scooter El\u00e9ctrico Urban - Oferta 75% Dto.<\/title>\n<meta name=\"description\" content=\"Descubre el potente y moderno Super Scooter El\u00e9ctrico Urban. Vive la ciudad con estilo por solo 67,50 \u20ac. \u00a1Env\u00edo gratis y 100 d\u00edas de devoluci\u00f3n!\" \/>\n<meta name=\"robots\" content=\"index, follow, max-snippet:-1, max-image-preview:large, max-video-preview:-1\" \/>\n<link rel=\"canonical\" href=\"https:\/\/urbanpatinetes.es\/en\/producto\/super-scooter-electrico-urban\/\" \/>\n<meta property=\"og:locale\" content=\"en_US\" \/>\n<meta property=\"og:type\" content=\"article\" \/>\n<meta property=\"og:title\" content=\"Super Scooter El\u00e9ctrico Urban - Oferta 75% Dto.\" \/>\n<meta property=\"og:description\" content=\"Descubre el potente y moderno Super Scooter El\u00e9ctrico Urban. Vive la ciudad con estilo por solo 67,50 \u20ac. \u00a1Env\u00edo gratis y 100 d\u00edas de devoluci\u00f3n!\" \/>\n<meta property=\"og:url\" content=\"https:\/\/urbanpatinetes.es\/en\/producto\/super-scooter-electrico-urban\/\" \/>\n<meta property=\"og:site_name\" content=\"Urbanweb\" \/>\n<meta property=\"article:modified_time\" content=\"2025-10-22T00:07:14+00:00\" \/>\n<meta property=\"og:image\" content=\"https:\/\/urbanpatinetes.es\/wp-content\/uploads\/2024\/12\/Leonardo_Vision_XL_Imagen_de_un_scooter_elctrico_urbano_colori_0.jpg\" \/>\n\t<meta property=\"og:image:width\" content=\"1792\" \/>\n\t<meta property=\"og:image:height\" content=\"1456\" \/>\n\t<meta property=\"og:image:type\" content=\"image\/jpeg\" \/>\n<meta name=\"twitter:card\" content=\"summary_large_image\" \/>\n<!-- \/ Yoast SEO plugin. -->","yoast_head_json":{"title":"Super Scooter El\u00e9ctrico Urban - Oferta 75% Dto.","description":"Descubre el potente y moderno Super Scooter El\u00e9ctrico Urban. Vive la ciudad con estilo por solo 67,50 \u20ac. \u00a1Env\u00edo gratis y 100 d\u00edas de devoluci\u00f3n!","robots":{"index":"index","follow":"follow","max-snippet":"max-snippet:-1","max-image-preview":"max-image-preview:large","max-video-preview":"max-video-preview:-1"},"canonical":"https:\/\/urbanpatinetes.es\/en\/producto\/super-scooter-electrico-urban\/","og_locale":"en_US","og_type":"article","og_title":"Super Scooter El\u00e9ctrico Urban - Oferta 75% Dto.","og_description":"Descubre el potente y moderno Super Scooter El\u00e9ctrico Urban. Vive la ciudad con estilo por solo 67,50 \u20ac. \u00a1Env\u00edo gratis y 100 d\u00edas de devoluci\u00f3n!","og_url":"https:\/\/urbanpatinetes.es\/en\/producto\/super-scooter-electrico-urban\/","og_site_name":"Urbanweb","article_modified_time":"2025-10-22T00:07:14+00:00","og_image":[{"width":1792,"height":1456,"url":"https:\/\/urbanpatinetes.es\/wp-content\/uploads\/2024\/12\/Leonardo_Vision_XL_Imagen_de_un_scooter_elctrico_urbano_colori_0.jpg","type":"image\/jpeg"}],"twitter_card":"summary_large_image","schema":{"@context":"https:\/\/schema.org","@graph":[{"@type":"WebPage","@id":"https:\/\/urbanpatinetes.es\/en\/producto\/super-scooter-electrico-urban\/","url":"https:\/\/urbanpatinetes.es\/en\/producto\/super-scooter-electrico-urban\/","name":"Super Scooter El\u00e9ctrico Urban - Oferta 75% Dto.","isPartOf":{"@id":"https:\/\/urbanpatinetes.es\/en\/#website"},"primaryImageOfPage":{"@id":"https:\/\/urbanpatinetes.es\/en\/producto\/super-scooter-electrico-urban\/#primaryimage"},"image":{"@id":"https:\/\/urbanpatinetes.es\/en\/producto\/super-scooter-electrico-urban\/#primaryimage"},"thumbnailUrl":"https:\/\/urbanpatinetes.es\/wp-content\/uploads\/2024\/12\/Leonardo_Vision_XL_Imagen_de_un_scooter_elctrico_urbano_colori_0.jpg","datePublished":"2024-12-23T11:50:29+00:00","dateModified":"2025-10-22T00:07:14+00:00","description":"Descubre el potente y moderno Super Scooter El\u00e9ctrico Urban. Vive la ciudad con estilo por solo 67,50 \u20ac. \u00a1Env\u00edo gratis y 100 d\u00edas de devoluci\u00f3n!","breadcrumb":{"@id":"https:\/\/urbanpatinetes.es\/en\/producto\/super-scooter-electrico-urban\/#breadcrumb"},"inLanguage":"en-US","potentialAction":[{"@type":"ReadAction","target":["https:\/\/urbanpatinetes.es\/en\/producto\/super-scooter-electrico-urban\/"]}]},{"@type":"ImageObject","inLanguage":"en-US","@id":"https:\/\/urbanpatinetes.es\/en\/producto\/super-scooter-electrico-urban\/#primaryimage","url":"https:\/\/urbanpatinetes.es\/wp-content\/uploads\/2024\/12\/Leonardo_Vision_XL_Imagen_de_un_scooter_elctrico_urbano_colori_0.jpg","contentUrl":"https:\/\/urbanpatinetes.es\/wp-content\/uploads\/2024\/12\/Leonardo_Vision_XL_Imagen_de_un_scooter_elctrico_urbano_colori_0.jpg","width":1792,"height":1456},{"@type":"BreadcrumbList","@id":"https:\/\/urbanpatinetes.es\/en\/producto\/super-scooter-electrico-urban\/#breadcrumb","itemListElement":[{"@type":"ListItem","position":1,"name":"Portada","item":"https:\/\/urbanpatinetes.es\/en\/"},{"@type":"ListItem","position":2,"name":"Tienda","item":"https:\/\/urbanpatinetes.es\/en\/tienda\/"},{"@type":"ListItem","position":3,"name":"Super Scooter El\u00e9ctrico Urban"}]},{"@type":"WebSite","@id":"https:\/\/urbanpatinetes.es\/en\/#website","url":"https:\/\/urbanpatinetes.es\/en\/","name":"Urbanweb","description":"","publisher":{"@id":"https:\/\/urbanpatinetes.es\/en\/#organization"},"potentialAction":[{"@type":"SearchAction","target":{"@type":"EntryPoint","urlTemplate":"https:\/\/urbanpatinetes.es\/en\/?s={search_term_string}"},"query-input":{"@type":"PropertyValueSpecification","valueRequired":true,"valueName":"search_term_string"}}],"inLanguage":"en-US"},{"@type":"Organization","@id":"https:\/\/urbanpatinetes.es\/en\/#organization","name":"Urbanweb","url":"https:\/\/urbanpatinetes.es\/en\/","logo":{"@type":"ImageObject","inLanguage":"en-US","@id":"https:\/\/urbanpatinetes.es\/en\/#\/schema\/logo\/image\/","url":"https:\/\/urbanpatinetes.es\/wp-content\/uploads\/2024\/12\/676941a004c8b_66eaf9bde197c_creative-cloud-express.png","contentUrl":"https:\/\/urbanpatinetes.es\/wp-content\/uploads\/2024\/12\/676941a004c8b_66eaf9bde197c_creative-cloud-express.png","width":2185,"height":1731,"caption":"Urbanweb"},"image":{"@id":"https:\/\/urbanpatinetes.es\/en\/#\/schema\/logo\/image\/"}}]}},"_links":{"self":[{"href":"https:\/\/urbanpatinetes.es\/en\/wp-json\/wp\/v2\/product\/598","targetHints":{"allow":["GET"]}}],"collection":[{"href":"https:\/\/urbanpatinetes.es\/en\/wp-json\/wp\/v2\/product"}],"about":[{"href":"https:\/\/urbanpatinetes.es\/en\/wp-json\/wp\/v2\/types\/product"}],"replies":[{"embeddable":true,"href":"https:\/\/urbanpatinetes.es\/en\/wp-json\/wp\/v2\/comments?post=598"}],"wp:featuredmedia":[{"embeddable":true,"href":"https:\/\/urbanpatinetes.es\/en\/wp-json\/wp\/v2\/media\/477"}],"wp:attachment":[{"href":"https:\/\/urbanpatinetes.es\/en\/wp-json\/wp\/v2\/media?parent=598"}],"wp:term":[{"taxonomy":"marca","embeddable":true,"href":"https:\/\/urbanpatinetes.es\/en\/wp-json\/wp\/v2\/marca?post=598"},{"taxonomy":"product_brand","embeddable":true,"href":"https:\/\/urbanpatinetes.es\/en\/wp-json\/wp\/v2\/product_brand?post=598"},{"taxonomy":"product_cat","embeddable":true,"href":"https:\/\/urbanpatinetes.es\/en\/wp-json\/wp\/v2\/product_cat?post=598"},{"taxonomy":"product_tag","embeddable":true,"href":"https:\/\/urbanpatinetes.es\/en\/wp-json\/wp\/v2\/product_tag?post=598"}],"curies":[{"name":"wp","href":"https:\/\/api.w.org\/{rel}","templated":true}]}}