{"id":594,"date":"2024-12-23T11:54:14","date_gmt":"2024-12-23T11:54:14","guid":{"rendered":"https:\/\/urbanpatinetes.es\/producto\/ruedas-locas-reparacion-y-asesoria-vmp\/"},"modified":"2025-10-22T00:06:43","modified_gmt":"2025-10-22T00:06:43","slug":"ruedas-locas-reparacion-y-asesoria-vmp","status":"publish","type":"product","link":"https:\/\/urbanpatinetes.es\/en\/producto\/ruedas-locas-reparacion-y-asesoria-vmp\/","title":{"rendered":"Ruedas Locas: Reparaci\u00f3n y Asesor\u00eda VMP"},"content":{"rendered":"","protected":false},"excerpt":{"rendered":"<p>Tu VMP siempre a punto con nuestra reparaci\u00f3n y asesor\u00eda.<\/p>\n","protected":false},"featured_media":513,"comment_status":"open","ping_status":"closed","template":"","meta":{"_acf_changed":false,"iawp_total_views":0},"marca":[100,99],"product_brand":[],"product_cat":[118,119],"product_tag":[120,122,136],"class_list":{"0":"post-594","1":"product","2":"type-product","3":"status-publish","4":"has-post-thumbnail","6":"marca-smartride","7":"marca-urbanwheels","8":"product_cat-asesoria-en","9":"product_cat-reparacion-vmp-en","10":"product_tag-asesoria-vmp-en","11":"product_tag-reparacion-vmp-en","12":"product_tag-vmp-expertos-en","14":"first","15":"instock","16":"shipping-taxable","17":"purchasable","18":"product-type-simple"},"acf":[],"yoast_head":"<!-- This site is optimized with the Yoast SEO plugin v27.3 - https:\/\/yoast.com\/product\/yoast-seo-wordpress\/ -->\n<title>Ruedas Locas: Reparaci\u00f3n VMP en Urbanweb<\/title>\n<meta name=\"description\" content=\"Mant\u00e9n tu VMP en excelentes condiciones con nuestro servicio de reparaci\u00f3n y asesor\u00eda de Ruedas Locas. Disfruta de env\u00edo gratis y 100 d\u00edas de devoluci\u00f3n.\" \/>\n<meta name=\"robots\" content=\"index, follow, max-snippet:-1, max-image-preview:large, max-video-preview:-1\" \/>\n<link rel=\"canonical\" href=\"https:\/\/urbanpatinetes.es\/en\/producto\/ruedas-locas-reparacion-y-asesoria-vmp\/\" \/>\n<meta property=\"og:locale\" content=\"en_US\" \/>\n<meta property=\"og:type\" content=\"article\" \/>\n<meta property=\"og:title\" content=\"Ruedas Locas: Reparaci\u00f3n VMP en Urbanweb\" \/>\n<meta property=\"og:description\" content=\"Mant\u00e9n tu VMP en excelentes condiciones con nuestro servicio de reparaci\u00f3n y asesor\u00eda de Ruedas Locas. Disfruta de env\u00edo gratis y 100 d\u00edas de devoluci\u00f3n.\" \/>\n<meta property=\"og:url\" content=\"https:\/\/urbanpatinetes.es\/en\/producto\/ruedas-locas-reparacion-y-asesoria-vmp\/\" \/>\n<meta property=\"og:site_name\" content=\"Urbanweb\" \/>\n<meta property=\"article:modified_time\" content=\"2025-10-22T00:06:43+00:00\" \/>\n<meta property=\"og:image\" content=\"https:\/\/urbanpatinetes.es\/wp-content\/uploads\/2024\/12\/Leonardo_Vision_XL_Crea_una_imagen_para_una_web_de_Venta_de_VM_0.jpg\" \/>\n\t<meta property=\"og:image:width\" content=\"1792\" \/>\n\t<meta property=\"og:image:height\" content=\"1456\" \/>\n\t<meta property=\"og:image:type\" content=\"image\/jpeg\" \/>\n<meta name=\"twitter:card\" content=\"summary_large_image\" \/>\n<!-- \/ Yoast SEO plugin. -->","yoast_head_json":{"title":"Ruedas Locas: Reparaci\u00f3n VMP en Urbanweb","description":"Mant\u00e9n tu VMP en excelentes condiciones con nuestro servicio de reparaci\u00f3n y asesor\u00eda de Ruedas Locas. Disfruta de env\u00edo gratis y 100 d\u00edas de devoluci\u00f3n.","robots":{"index":"index","follow":"follow","max-snippet":"max-snippet:-1","max-image-preview":"max-image-preview:large","max-video-preview":"max-video-preview:-1"},"canonical":"https:\/\/urbanpatinetes.es\/en\/producto\/ruedas-locas-reparacion-y-asesoria-vmp\/","og_locale":"en_US","og_type":"article","og_title":"Ruedas Locas: Reparaci\u00f3n VMP en Urbanweb","og_description":"Mant\u00e9n tu VMP en excelentes condiciones con nuestro servicio de reparaci\u00f3n y asesor\u00eda de Ruedas Locas. Disfruta de env\u00edo gratis y 100 d\u00edas de devoluci\u00f3n.","og_url":"https:\/\/urbanpatinetes.es\/en\/producto\/ruedas-locas-reparacion-y-asesoria-vmp\/","og_site_name":"Urbanweb","article_modified_time":"2025-10-22T00:06:43+00:00","og_image":[{"width":1792,"height":1456,"url":"https:\/\/urbanpatinetes.es\/wp-content\/uploads\/2024\/12\/Leonardo_Vision_XL_Crea_una_imagen_para_una_web_de_Venta_de_VM_0.jpg","type":"image\/jpeg"}],"twitter_card":"summary_large_image","schema":{"@context":"https:\/\/schema.org","@graph":[{"@type":"WebPage","@id":"https:\/\/urbanpatinetes.es\/en\/producto\/ruedas-locas-reparacion-y-asesoria-vmp\/","url":"https:\/\/urbanpatinetes.es\/en\/producto\/ruedas-locas-reparacion-y-asesoria-vmp\/","name":"Ruedas Locas: Reparaci\u00f3n VMP en Urbanweb","isPartOf":{"@id":"https:\/\/urbanpatinetes.es\/en\/#website"},"primaryImageOfPage":{"@id":"https:\/\/urbanpatinetes.es\/en\/producto\/ruedas-locas-reparacion-y-asesoria-vmp\/#primaryimage"},"image":{"@id":"https:\/\/urbanpatinetes.es\/en\/producto\/ruedas-locas-reparacion-y-asesoria-vmp\/#primaryimage"},"thumbnailUrl":"https:\/\/urbanpatinetes.es\/wp-content\/uploads\/2024\/12\/Leonardo_Vision_XL_Crea_una_imagen_para_una_web_de_Venta_de_VM_0.jpg","datePublished":"2024-12-23T11:54:14+00:00","dateModified":"2025-10-22T00:06:43+00:00","description":"Mant\u00e9n tu VMP en excelentes condiciones con nuestro servicio de reparaci\u00f3n y asesor\u00eda de Ruedas Locas. Disfruta de env\u00edo gratis y 100 d\u00edas de devoluci\u00f3n.","breadcrumb":{"@id":"https:\/\/urbanpatinetes.es\/en\/producto\/ruedas-locas-reparacion-y-asesoria-vmp\/#breadcrumb"},"inLanguage":"en-US","potentialAction":[{"@type":"ReadAction","target":["https:\/\/urbanpatinetes.es\/en\/producto\/ruedas-locas-reparacion-y-asesoria-vmp\/"]}]},{"@type":"ImageObject","inLanguage":"en-US","@id":"https:\/\/urbanpatinetes.es\/en\/producto\/ruedas-locas-reparacion-y-asesoria-vmp\/#primaryimage","url":"https:\/\/urbanpatinetes.es\/wp-content\/uploads\/2024\/12\/Leonardo_Vision_XL_Crea_una_imagen_para_una_web_de_Venta_de_VM_0.jpg","contentUrl":"https:\/\/urbanpatinetes.es\/wp-content\/uploads\/2024\/12\/Leonardo_Vision_XL_Crea_una_imagen_para_una_web_de_Venta_de_VM_0.jpg","width":1792,"height":1456},{"@type":"BreadcrumbList","@id":"https:\/\/urbanpatinetes.es\/en\/producto\/ruedas-locas-reparacion-y-asesoria-vmp\/#breadcrumb","itemListElement":[{"@type":"ListItem","position":1,"name":"Portada","item":"https:\/\/urbanpatinetes.es\/en\/"},{"@type":"ListItem","position":2,"name":"Tienda","item":"https:\/\/urbanpatinetes.es\/en\/tienda\/"},{"@type":"ListItem","position":3,"name":"Ruedas Locas: Reparaci\u00f3n y Asesor\u00eda VMP"}]},{"@type":"WebSite","@id":"https:\/\/urbanpatinetes.es\/en\/#website","url":"https:\/\/urbanpatinetes.es\/en\/","name":"Urbanweb","description":"","publisher":{"@id":"https:\/\/urbanpatinetes.es\/en\/#organization"},"potentialAction":[{"@type":"SearchAction","target":{"@type":"EntryPoint","urlTemplate":"https:\/\/urbanpatinetes.es\/en\/?s={search_term_string}"},"query-input":{"@type":"PropertyValueSpecification","valueRequired":true,"valueName":"search_term_string"}}],"inLanguage":"en-US"},{"@type":"Organization","@id":"https:\/\/urbanpatinetes.es\/en\/#organization","name":"Urbanweb","url":"https:\/\/urbanpatinetes.es\/en\/","logo":{"@type":"ImageObject","inLanguage":"en-US","@id":"https:\/\/urbanpatinetes.es\/en\/#\/schema\/logo\/image\/","url":"https:\/\/urbanpatinetes.es\/wp-content\/uploads\/2024\/12\/676941a004c8b_66eaf9bde197c_creative-cloud-express.png","contentUrl":"https:\/\/urbanpatinetes.es\/wp-content\/uploads\/2024\/12\/676941a004c8b_66eaf9bde197c_creative-cloud-express.png","width":2185,"height":1731,"caption":"Urbanweb"},"image":{"@id":"https:\/\/urbanpatinetes.es\/en\/#\/schema\/logo\/image\/"}}]}},"_links":{"self":[{"href":"https:\/\/urbanpatinetes.es\/en\/wp-json\/wp\/v2\/product\/594","targetHints":{"allow":["GET"]}}],"collection":[{"href":"https:\/\/urbanpatinetes.es\/en\/wp-json\/wp\/v2\/product"}],"about":[{"href":"https:\/\/urbanpatinetes.es\/en\/wp-json\/wp\/v2\/types\/product"}],"replies":[{"embeddable":true,"href":"https:\/\/urbanpatinetes.es\/en\/wp-json\/wp\/v2\/comments?post=594"}],"wp:featuredmedia":[{"embeddable":true,"href":"https:\/\/urbanpatinetes.es\/en\/wp-json\/wp\/v2\/media\/513"}],"wp:attachment":[{"href":"https:\/\/urbanpatinetes.es\/en\/wp-json\/wp\/v2\/media?parent=594"}],"wp:term":[{"taxonomy":"marca","embeddable":true,"href":"https:\/\/urbanpatinetes.es\/en\/wp-json\/wp\/v2\/marca?post=594"},{"taxonomy":"product_brand","embeddable":true,"href":"https:\/\/urbanpatinetes.es\/en\/wp-json\/wp\/v2\/product_brand?post=594"},{"taxonomy":"product_cat","embeddable":true,"href":"https:\/\/urbanpatinetes.es\/en\/wp-json\/wp\/v2\/product_cat?post=594"},{"taxonomy":"product_tag","embeddable":true,"href":"https:\/\/urbanpatinetes.es\/en\/wp-json\/wp\/v2\/product_tag?post=594"}],"curies":[{"name":"wp","href":"https:\/\/api.w.org\/{rel}","templated":true}]}}