{"id":593,"date":"2024-12-23T11:55:07","date_gmt":"2024-12-23T11:55:07","guid":{"rendered":"https:\/\/urbanpatinetes.es\/producto\/zoomscoot-pro-patinete-y-hoverboard\/"},"modified":"2025-10-22T00:06:35","modified_gmt":"2025-10-22T00:06:35","slug":"zoomscoot-pro-patinete-y-hoverboard","status":"publish","type":"product","link":"https:\/\/urbanpatinetes.es\/en\/producto\/zoomscoot-pro-patinete-y-hoverboard\/","title":{"rendered":"ZoomScoot Pro &#8211; Patinete y Hoverboard"},"content":{"rendered":"","protected":false},"excerpt":{"rendered":"<p>ZoomScoot Pro, el compa\u00f1ero urbano ideal. F\u00e1cil y divertido.<\/p>\n","protected":false},"featured_media":522,"comment_status":"open","ping_status":"closed","template":"","meta":{"_acf_changed":false,"iawp_total_views":2},"marca":[103,102],"product_brand":[],"product_cat":[128,129],"product_tag":[134,121,135],"class_list":{"0":"post-593","1":"product","2":"type-product","3":"status-publish","4":"has-post-thumbnail","6":"marca-urbanrider","7":"marca-zoomscoot","8":"product_cat-hoverboard-en","9":"product_cat-patinetes-electricos-en","10":"product_tag-movilidad-urbana-en","11":"product_tag-patinete-electrico-en","12":"product_tag-seguridad-vmp-en","14":"first","15":"instock","16":"sale","17":"shipping-taxable","18":"purchasable","19":"product-type-simple"},"acf":[],"yoast_head":"<!-- This site is optimized with the Yoast SEO plugin v27.3 - https:\/\/yoast.com\/product\/yoast-seo-wordpress\/ -->\n<title>ZoomScoot Pro: Patinete y Hoverboard en oferta<\/title>\n<meta name=\"description\" content=\"Descubre el ZoomScoot Pro, el patinete y hoverboard ideal para la movilidad urbana. Ahora con un incre\u00edble descuento, solo 117,38 \u20ac. \u00a1Env\u00edo gratis y 100 d\u00edas de devoluci\u00f3n garantizados!\" \/>\n<meta name=\"robots\" content=\"index, follow, max-snippet:-1, max-image-preview:large, max-video-preview:-1\" \/>\n<link rel=\"canonical\" href=\"https:\/\/urbanpatinetes.es\/en\/producto\/zoomscoot-pro-patinete-y-hoverboard\/\" \/>\n<meta property=\"og:locale\" content=\"en_US\" \/>\n<meta property=\"og:type\" content=\"article\" \/>\n<meta property=\"og:title\" content=\"ZoomScoot Pro: Patinete y Hoverboard en oferta\" \/>\n<meta property=\"og:description\" content=\"Descubre el ZoomScoot Pro, el patinete y hoverboard ideal para la movilidad urbana. Ahora con un incre\u00edble descuento, solo 117,38 \u20ac. \u00a1Env\u00edo gratis y 100 d\u00edas de devoluci\u00f3n garantizados!\" \/>\n<meta property=\"og:url\" content=\"https:\/\/urbanpatinetes.es\/en\/producto\/zoomscoot-pro-patinete-y-hoverboard\/\" \/>\n<meta property=\"og:site_name\" content=\"Urbanweb\" \/>\n<meta property=\"article:modified_time\" content=\"2025-10-22T00:06:35+00:00\" \/>\n<meta property=\"og:image\" content=\"https:\/\/urbanpatinetes.es\/wp-content\/uploads\/2024\/12\/Leonardo_Vision_XL_Disear_una_imagen_para_la_seccin_de_product_0.jpg\" \/>\n\t<meta property=\"og:image:width\" content=\"1792\" \/>\n\t<meta property=\"og:image:height\" content=\"1456\" \/>\n\t<meta property=\"og:image:type\" content=\"image\/jpeg\" \/>\n<meta name=\"twitter:card\" content=\"summary_large_image\" \/>\n<!-- \/ Yoast SEO plugin. -->","yoast_head_json":{"title":"ZoomScoot Pro: Patinete y Hoverboard en oferta","description":"Descubre el ZoomScoot Pro, el patinete y hoverboard ideal para la movilidad urbana. Ahora con un incre\u00edble descuento, solo 117,38 \u20ac. \u00a1Env\u00edo gratis y 100 d\u00edas de devoluci\u00f3n garantizados!","robots":{"index":"index","follow":"follow","max-snippet":"max-snippet:-1","max-image-preview":"max-image-preview:large","max-video-preview":"max-video-preview:-1"},"canonical":"https:\/\/urbanpatinetes.es\/en\/producto\/zoomscoot-pro-patinete-y-hoverboard\/","og_locale":"en_US","og_type":"article","og_title":"ZoomScoot Pro: Patinete y Hoverboard en oferta","og_description":"Descubre el ZoomScoot Pro, el patinete y hoverboard ideal para la movilidad urbana. Ahora con un incre\u00edble descuento, solo 117,38 \u20ac. \u00a1Env\u00edo gratis y 100 d\u00edas de devoluci\u00f3n garantizados!","og_url":"https:\/\/urbanpatinetes.es\/en\/producto\/zoomscoot-pro-patinete-y-hoverboard\/","og_site_name":"Urbanweb","article_modified_time":"2025-10-22T00:06:35+00:00","og_image":[{"width":1792,"height":1456,"url":"https:\/\/urbanpatinetes.es\/wp-content\/uploads\/2024\/12\/Leonardo_Vision_XL_Disear_una_imagen_para_la_seccin_de_product_0.jpg","type":"image\/jpeg"}],"twitter_card":"summary_large_image","schema":{"@context":"https:\/\/schema.org","@graph":[{"@type":"WebPage","@id":"https:\/\/urbanpatinetes.es\/en\/producto\/zoomscoot-pro-patinete-y-hoverboard\/","url":"https:\/\/urbanpatinetes.es\/en\/producto\/zoomscoot-pro-patinete-y-hoverboard\/","name":"ZoomScoot Pro: Patinete y Hoverboard en oferta","isPartOf":{"@id":"https:\/\/urbanpatinetes.es\/en\/#website"},"primaryImageOfPage":{"@id":"https:\/\/urbanpatinetes.es\/en\/producto\/zoomscoot-pro-patinete-y-hoverboard\/#primaryimage"},"image":{"@id":"https:\/\/urbanpatinetes.es\/en\/producto\/zoomscoot-pro-patinete-y-hoverboard\/#primaryimage"},"thumbnailUrl":"https:\/\/urbanpatinetes.es\/wp-content\/uploads\/2024\/12\/Leonardo_Vision_XL_Disear_una_imagen_para_la_seccin_de_product_0.jpg","datePublished":"2024-12-23T11:55:07+00:00","dateModified":"2025-10-22T00:06:35+00:00","description":"Descubre el ZoomScoot Pro, el patinete y hoverboard ideal para la movilidad urbana. Ahora con un incre\u00edble descuento, solo 117,38 \u20ac. \u00a1Env\u00edo gratis y 100 d\u00edas de devoluci\u00f3n garantizados!","breadcrumb":{"@id":"https:\/\/urbanpatinetes.es\/en\/producto\/zoomscoot-pro-patinete-y-hoverboard\/#breadcrumb"},"inLanguage":"en-US","potentialAction":[{"@type":"ReadAction","target":["https:\/\/urbanpatinetes.es\/en\/producto\/zoomscoot-pro-patinete-y-hoverboard\/"]}]},{"@type":"ImageObject","inLanguage":"en-US","@id":"https:\/\/urbanpatinetes.es\/en\/producto\/zoomscoot-pro-patinete-y-hoverboard\/#primaryimage","url":"https:\/\/urbanpatinetes.es\/wp-content\/uploads\/2024\/12\/Leonardo_Vision_XL_Disear_una_imagen_para_la_seccin_de_product_0.jpg","contentUrl":"https:\/\/urbanpatinetes.es\/wp-content\/uploads\/2024\/12\/Leonardo_Vision_XL_Disear_una_imagen_para_la_seccin_de_product_0.jpg","width":1792,"height":1456},{"@type":"BreadcrumbList","@id":"https:\/\/urbanpatinetes.es\/en\/producto\/zoomscoot-pro-patinete-y-hoverboard\/#breadcrumb","itemListElement":[{"@type":"ListItem","position":1,"name":"Portada","item":"https:\/\/urbanpatinetes.es\/en\/"},{"@type":"ListItem","position":2,"name":"Tienda","item":"https:\/\/urbanpatinetes.es\/en\/tienda\/"},{"@type":"ListItem","position":3,"name":"ZoomScoot Pro &#8211; Patinete y Hoverboard"}]},{"@type":"WebSite","@id":"https:\/\/urbanpatinetes.es\/en\/#website","url":"https:\/\/urbanpatinetes.es\/en\/","name":"Urbanweb","description":"","publisher":{"@id":"https:\/\/urbanpatinetes.es\/en\/#organization"},"potentialAction":[{"@type":"SearchAction","target":{"@type":"EntryPoint","urlTemplate":"https:\/\/urbanpatinetes.es\/en\/?s={search_term_string}"},"query-input":{"@type":"PropertyValueSpecification","valueRequired":true,"valueName":"search_term_string"}}],"inLanguage":"en-US"},{"@type":"Organization","@id":"https:\/\/urbanpatinetes.es\/en\/#organization","name":"Urbanweb","url":"https:\/\/urbanpatinetes.es\/en\/","logo":{"@type":"ImageObject","inLanguage":"en-US","@id":"https:\/\/urbanpatinetes.es\/en\/#\/schema\/logo\/image\/","url":"https:\/\/urbanpatinetes.es\/wp-content\/uploads\/2024\/12\/676941a004c8b_66eaf9bde197c_creative-cloud-express.png","contentUrl":"https:\/\/urbanpatinetes.es\/wp-content\/uploads\/2024\/12\/676941a004c8b_66eaf9bde197c_creative-cloud-express.png","width":2185,"height":1731,"caption":"Urbanweb"},"image":{"@id":"https:\/\/urbanpatinetes.es\/en\/#\/schema\/logo\/image\/"}}]}},"_links":{"self":[{"href":"https:\/\/urbanpatinetes.es\/en\/wp-json\/wp\/v2\/product\/593","targetHints":{"allow":["GET"]}}],"collection":[{"href":"https:\/\/urbanpatinetes.es\/en\/wp-json\/wp\/v2\/product"}],"about":[{"href":"https:\/\/urbanpatinetes.es\/en\/wp-json\/wp\/v2\/types\/product"}],"replies":[{"embeddable":true,"href":"https:\/\/urbanpatinetes.es\/en\/wp-json\/wp\/v2\/comments?post=593"}],"wp:featuredmedia":[{"embeddable":true,"href":"https:\/\/urbanpatinetes.es\/en\/wp-json\/wp\/v2\/media\/522"}],"wp:attachment":[{"href":"https:\/\/urbanpatinetes.es\/en\/wp-json\/wp\/v2\/media?parent=593"}],"wp:term":[{"taxonomy":"marca","embeddable":true,"href":"https:\/\/urbanpatinetes.es\/en\/wp-json\/wp\/v2\/marca?post=593"},{"taxonomy":"product_brand","embeddable":true,"href":"https:\/\/urbanpatinetes.es\/en\/wp-json\/wp\/v2\/product_brand?post=593"},{"taxonomy":"product_cat","embeddable":true,"href":"https:\/\/urbanpatinetes.es\/en\/wp-json\/wp\/v2\/product_cat?post=593"},{"taxonomy":"product_tag","embeddable":true,"href":"https:\/\/urbanpatinetes.es\/en\/wp-json\/wp\/v2\/product_tag?post=593"}],"curies":[{"name":"wp","href":"https:\/\/api.w.org\/{rel}","templated":true}]}}