{"id":588,"date":"2024-12-23T12:00:04","date_gmt":"2024-12-23T12:00:04","guid":{"rendered":"https:\/\/urbanpatinetes.es\/producto\/reparacion-expres-de-patinetes-electricos-y-asesoria\/"},"modified":"2025-10-22T00:05:55","modified_gmt":"2025-10-22T00:05:55","slug":"reparacion-expres-de-patinetes-electricos-y-asesoria","status":"publish","type":"product","link":"https:\/\/urbanpatinetes.es\/en\/producto\/reparacion-expres-de-patinetes-electricos-y-asesoria\/","title":{"rendered":"Reparaci\u00f3n Expr\u00e9s de Patinetes El\u00e9ctricos y Asesor\u00eda"},"content":{"rendered":"","protected":false},"excerpt":{"rendered":"<p>Reparaci\u00f3n r\u00e1pida y asesor\u00eda VMP, mant\u00e9n tu aventura sin interrupciones.<\/p>\n","protected":false},"featured_media":567,"comment_status":"open","ping_status":"closed","template":"","meta":{"_acf_changed":false,"iawp_total_views":2},"marca":[69,116],"product_brand":[],"product_cat":[118,119],"product_tag":[120,121,122],"class_list":{"0":"post-588","1":"product","2":"type-product","3":"status-publish","4":"has-post-thumbnail","6":"marca-urbanscoot","7":"marca-vmp-repair","8":"product_cat-asesoria-en","9":"product_cat-reparacion-vmp-en","10":"product_tag-asesoria-vmp-en","11":"product_tag-patinete-electrico-en","12":"product_tag-reparacion-vmp-en","14":"first","15":"instock","16":"sale","17":"shipping-taxable","18":"purchasable","19":"product-type-simple"},"acf":[],"yoast_head":"<!-- This site is optimized with the Yoast SEO plugin v27.3 - https:\/\/yoast.com\/product\/yoast-seo-wordpress\/ -->\n<title>Reparaci\u00f3n Expr\u00e9s de Patinetes El\u00e9ctricos - Urbanweb<\/title>\n<meta name=\"description\" content=\"Descubre el servicio de reparaci\u00f3n r\u00e1pida y asesor\u00eda para patinetes. Cliente satisfecho, movilidad asegurada con Urbanweb. \u00a1Aprovecha nuestra oferta hoy!\" \/>\n<meta name=\"robots\" content=\"index, follow, max-snippet:-1, max-image-preview:large, max-video-preview:-1\" \/>\n<link rel=\"canonical\" href=\"https:\/\/urbanpatinetes.es\/en\/producto\/reparacion-expres-de-patinetes-electricos-y-asesoria\/\" \/>\n<meta property=\"og:locale\" content=\"en_US\" \/>\n<meta property=\"og:type\" content=\"article\" \/>\n<meta property=\"og:title\" content=\"Reparaci\u00f3n Expr\u00e9s de Patinetes El\u00e9ctricos - Urbanweb\" \/>\n<meta property=\"og:description\" content=\"Descubre el servicio de reparaci\u00f3n r\u00e1pida y asesor\u00eda para patinetes. Cliente satisfecho, movilidad asegurada con Urbanweb. \u00a1Aprovecha nuestra oferta hoy!\" \/>\n<meta property=\"og:url\" content=\"https:\/\/urbanpatinetes.es\/en\/producto\/reparacion-expres-de-patinetes-electricos-y-asesoria\/\" \/>\n<meta property=\"og:site_name\" content=\"Urbanweb\" \/>\n<meta property=\"article:modified_time\" content=\"2025-10-22T00:05:55+00:00\" \/>\n<meta property=\"og:image\" content=\"https:\/\/urbanpatinetes.es\/wp-content\/uploads\/2024\/12\/Leonardo_Vision_XL_disear_una_imagen_divertida_para_la_seccin_0.jpg\" \/>\n\t<meta property=\"og:image:width\" content=\"1792\" \/>\n\t<meta property=\"og:image:height\" content=\"1456\" \/>\n\t<meta property=\"og:image:type\" content=\"image\/jpeg\" \/>\n<meta name=\"twitter:card\" content=\"summary_large_image\" \/>\n<!-- \/ Yoast SEO plugin. -->","yoast_head_json":{"title":"Reparaci\u00f3n Expr\u00e9s de Patinetes El\u00e9ctricos - Urbanweb","description":"Descubre el servicio de reparaci\u00f3n r\u00e1pida y asesor\u00eda para patinetes. Cliente satisfecho, movilidad asegurada con Urbanweb. \u00a1Aprovecha nuestra oferta hoy!","robots":{"index":"index","follow":"follow","max-snippet":"max-snippet:-1","max-image-preview":"max-image-preview:large","max-video-preview":"max-video-preview:-1"},"canonical":"https:\/\/urbanpatinetes.es\/en\/producto\/reparacion-expres-de-patinetes-electricos-y-asesoria\/","og_locale":"en_US","og_type":"article","og_title":"Reparaci\u00f3n Expr\u00e9s de Patinetes El\u00e9ctricos - Urbanweb","og_description":"Descubre el servicio de reparaci\u00f3n r\u00e1pida y asesor\u00eda para patinetes. Cliente satisfecho, movilidad asegurada con Urbanweb. \u00a1Aprovecha nuestra oferta hoy!","og_url":"https:\/\/urbanpatinetes.es\/en\/producto\/reparacion-expres-de-patinetes-electricos-y-asesoria\/","og_site_name":"Urbanweb","article_modified_time":"2025-10-22T00:05:55+00:00","og_image":[{"width":1792,"height":1456,"url":"https:\/\/urbanpatinetes.es\/wp-content\/uploads\/2024\/12\/Leonardo_Vision_XL_disear_una_imagen_divertida_para_la_seccin_0.jpg","type":"image\/jpeg"}],"twitter_card":"summary_large_image","schema":{"@context":"https:\/\/schema.org","@graph":[{"@type":"WebPage","@id":"https:\/\/urbanpatinetes.es\/en\/producto\/reparacion-expres-de-patinetes-electricos-y-asesoria\/","url":"https:\/\/urbanpatinetes.es\/en\/producto\/reparacion-expres-de-patinetes-electricos-y-asesoria\/","name":"Reparaci\u00f3n Expr\u00e9s de Patinetes El\u00e9ctricos - Urbanweb","isPartOf":{"@id":"https:\/\/urbanpatinetes.es\/en\/#website"},"primaryImageOfPage":{"@id":"https:\/\/urbanpatinetes.es\/en\/producto\/reparacion-expres-de-patinetes-electricos-y-asesoria\/#primaryimage"},"image":{"@id":"https:\/\/urbanpatinetes.es\/en\/producto\/reparacion-expres-de-patinetes-electricos-y-asesoria\/#primaryimage"},"thumbnailUrl":"https:\/\/urbanpatinetes.es\/wp-content\/uploads\/2024\/12\/Leonardo_Vision_XL_disear_una_imagen_divertida_para_la_seccin_0.jpg","datePublished":"2024-12-23T12:00:04+00:00","dateModified":"2025-10-22T00:05:55+00:00","description":"Descubre el servicio de reparaci\u00f3n r\u00e1pida y asesor\u00eda para patinetes. Cliente satisfecho, movilidad asegurada con Urbanweb. \u00a1Aprovecha nuestra oferta hoy!","breadcrumb":{"@id":"https:\/\/urbanpatinetes.es\/en\/producto\/reparacion-expres-de-patinetes-electricos-y-asesoria\/#breadcrumb"},"inLanguage":"en-US","potentialAction":[{"@type":"ReadAction","target":["https:\/\/urbanpatinetes.es\/en\/producto\/reparacion-expres-de-patinetes-electricos-y-asesoria\/"]}]},{"@type":"ImageObject","inLanguage":"en-US","@id":"https:\/\/urbanpatinetes.es\/en\/producto\/reparacion-expres-de-patinetes-electricos-y-asesoria\/#primaryimage","url":"https:\/\/urbanpatinetes.es\/wp-content\/uploads\/2024\/12\/Leonardo_Vision_XL_disear_una_imagen_divertida_para_la_seccin_0.jpg","contentUrl":"https:\/\/urbanpatinetes.es\/wp-content\/uploads\/2024\/12\/Leonardo_Vision_XL_disear_una_imagen_divertida_para_la_seccin_0.jpg","width":1792,"height":1456},{"@type":"BreadcrumbList","@id":"https:\/\/urbanpatinetes.es\/en\/producto\/reparacion-expres-de-patinetes-electricos-y-asesoria\/#breadcrumb","itemListElement":[{"@type":"ListItem","position":1,"name":"Portada","item":"https:\/\/urbanpatinetes.es\/en\/"},{"@type":"ListItem","position":2,"name":"Tienda","item":"https:\/\/urbanpatinetes.es\/en\/tienda\/"},{"@type":"ListItem","position":3,"name":"Reparaci\u00f3n Expr\u00e9s de Patinetes El\u00e9ctricos y Asesor\u00eda"}]},{"@type":"WebSite","@id":"https:\/\/urbanpatinetes.es\/en\/#website","url":"https:\/\/urbanpatinetes.es\/en\/","name":"Urbanweb","description":"","publisher":{"@id":"https:\/\/urbanpatinetes.es\/en\/#organization"},"potentialAction":[{"@type":"SearchAction","target":{"@type":"EntryPoint","urlTemplate":"https:\/\/urbanpatinetes.es\/en\/?s={search_term_string}"},"query-input":{"@type":"PropertyValueSpecification","valueRequired":true,"valueName":"search_term_string"}}],"inLanguage":"en-US"},{"@type":"Organization","@id":"https:\/\/urbanpatinetes.es\/en\/#organization","name":"Urbanweb","url":"https:\/\/urbanpatinetes.es\/en\/","logo":{"@type":"ImageObject","inLanguage":"en-US","@id":"https:\/\/urbanpatinetes.es\/en\/#\/schema\/logo\/image\/","url":"https:\/\/urbanpatinetes.es\/wp-content\/uploads\/2024\/12\/676941a004c8b_66eaf9bde197c_creative-cloud-express.png","contentUrl":"https:\/\/urbanpatinetes.es\/wp-content\/uploads\/2024\/12\/676941a004c8b_66eaf9bde197c_creative-cloud-express.png","width":2185,"height":1731,"caption":"Urbanweb"},"image":{"@id":"https:\/\/urbanpatinetes.es\/en\/#\/schema\/logo\/image\/"}}]}},"_links":{"self":[{"href":"https:\/\/urbanpatinetes.es\/en\/wp-json\/wp\/v2\/product\/588","targetHints":{"allow":["GET"]}}],"collection":[{"href":"https:\/\/urbanpatinetes.es\/en\/wp-json\/wp\/v2\/product"}],"about":[{"href":"https:\/\/urbanpatinetes.es\/en\/wp-json\/wp\/v2\/types\/product"}],"replies":[{"embeddable":true,"href":"https:\/\/urbanpatinetes.es\/en\/wp-json\/wp\/v2\/comments?post=588"}],"wp:featuredmedia":[{"embeddable":true,"href":"https:\/\/urbanpatinetes.es\/en\/wp-json\/wp\/v2\/media\/567"}],"wp:attachment":[{"href":"https:\/\/urbanpatinetes.es\/en\/wp-json\/wp\/v2\/media?parent=588"}],"wp:term":[{"taxonomy":"marca","embeddable":true,"href":"https:\/\/urbanpatinetes.es\/en\/wp-json\/wp\/v2\/marca?post=588"},{"taxonomy":"product_brand","embeddable":true,"href":"https:\/\/urbanpatinetes.es\/en\/wp-json\/wp\/v2\/product_brand?post=588"},{"taxonomy":"product_cat","embeddable":true,"href":"https:\/\/urbanpatinetes.es\/en\/wp-json\/wp\/v2\/product_cat?post=588"},{"taxonomy":"product_tag","embeddable":true,"href":"https:\/\/urbanpatinetes.es\/en\/wp-json\/wp\/v2\/product_tag?post=588"}],"curies":[{"name":"wp","href":"https:\/\/api.w.org\/{rel}","templated":true}]}}